{"id":12,"date":"2014-11-08T23:01:06","date_gmt":"2014-11-08T23:01:06","guid":{"rendered":"http:\/\/arrepienteteypreparaelcamino.org\/?page_id=12"},"modified":"2014-11-21T10:00:02","modified_gmt":"2014-11-21T10:00:02","slug":"declaracion-de-fe","status":"publish","type":"page","link":"https:\/\/arrepienteteypreparaelcamino.org\/?page_id=12","title":{"rendered":"Declaraci\u00f3n de F\u00e9"},"content":{"rendered":"<h1><strong>Declaraci\u00f3n de F\u00e9<\/strong><\/h1>\n<p><!-- LA SAGRADA BIBLIA --><\/p>\n<p><strong><span style=\"color: #3366ff;\"><img loading=\"lazy\" class=\"align none size-full wp-image-32\" src=\"http:\/\/arrepienteteypreparaelcamino.org\/wp-content\/uploads\/2014\/11\/favicon.png.jpeg\" alt=\"favicon.png\" width=\"16\" height=\"16\" \/> \u00a0\u00a0\u00a0\u00a0 \u00a0LA SAGRADA BIBLIA<\/span><\/strong><\/p>\n<p>Nosotros creemos que la Biblia es el principal fundamento y la infalible, no cambiante y autorizada PALABRA DE DIOS, completamente inspirada por el SAGRADO ESPIRITU SANTO. La Sagrada Biblia es la mas alta y autoridad final para cada aspecto de la vida creada por DIOS.<\/p>\n<p><!-- LA TRINIDAD --><\/p>\n<p><strong><span style=\"color: #3366ff;\"><img loading=\"lazy\" class=\"align none size-full wp-image-32\" src=\"http:\/\/arrepienteteypreparaelcamino.org\/wp-content\/uploads\/2014\/11\/favicon.png.jpeg\" alt=\"favicon.png\" width=\"16\" height=\"16\" \/> \u00a0\u00a0\u00a0\u00a0\u00a0 LA TRINIDAD<\/span><\/strong><\/p>\n<p>Nosotros creemos en UN DIOS; que existe eternamente en tres personas; DIOS EL PADRE, DIOS EL HIJO, y DIOS EL ESPIRITU SANTO.<\/p>\n<p><!-- EL SE\u00d1OR JESUS --><\/p>\n<p><strong><span style=\"color: #3366ff;\"><img loading=\"lazy\" class=\"align none size-full wp-image-32\" src=\"http:\/\/arrepienteteypreparaelcamino.org\/wp-content\/uploads\/2014\/11\/favicon.png.jpeg\" alt=\"favicon.png\" width=\"16\" height=\"16\" \/> \u00a0\u00a0\u00a0\u00a0\u00a0 EL SE\u00d1OR JESUS<\/span><\/strong><\/p>\n<p>Nosotros creemos en la deidad de NUESTRO SE\u00d1OR JESUS CRISTO, el unig\u00e9nito Hijo de Dios, Su nacimiento virginal, Su resurrecci\u00f3n corporal, Su ascensi\u00f3n a la derecha del PADRE, Su muerte para redimir completamente los pecados de todos los hombres.<\/p>\n<p><!-- SALVACI\u00d3N --><\/p>\n<p><strong><span style=\"color: #3366ff;\"><img loading=\"lazy\" class=\"align none size-full wp-image-32\" src=\"http:\/\/arrepienteteypreparaelcamino.org\/wp-content\/uploads\/2014\/11\/favicon.png.jpeg\" alt=\"favicon.png\" width=\"16\" height=\"16\" \/> \u00a0\u00a0\u00a0\u00a0\u00a0SALVACI\u00d3N<\/span><\/strong><\/p>\n<p>Nosotros creemos que todos los hombres son nacidos con una naturaleza de pecado, y que el trabajo de la CRUZ redimi\u00f3 completamente el poder del pecado y la muerte, y que aquellos quienes creen en JESUS CRISTO como SE\u00d1OR Y SALVADOR son salvos.<\/p>\n<p><!-- EL ESPIRITU SANTO --><\/p>\n<p><strong><span style=\"color: #3366ff;\"><img loading=\"lazy\" class=\"align none size-full wp-image-32\" src=\"http:\/\/arrepienteteypreparaelcamino.org\/wp-content\/uploads\/2014\/11\/favicon.png.jpeg\" alt=\"favicon.png\" width=\"16\" height=\"16\" \/> \u00a0\u00a0\u00a0\u00a0\u00a0EL ESPIRITU SANTO<\/span><\/strong><\/p>\n<p>Nosotros creemos que el ESPIRITU SANTO es la tercera persona de la trinidad y el bautismo del ESPIRITU SANTO es manifestado por el fruto y los dones del ESPIRITU.<\/p>\n<p><!-- LA IGLESIA DE CRISTO --><\/p>\n<p><strong><span style=\"color: #3366ff;\"><img loading=\"lazy\" class=\"align none size-full wp-image-32\" src=\"http:\/\/arrepienteteypreparaelcamino.org\/wp-content\/uploads\/2014\/11\/favicon.png.jpeg\" alt=\"favicon.png\" width=\"16\" height=\"16\" \/> \u00a0\u00a0\u00a0\u00a0\u00a0LA IGLESIA DE CRISTO<\/span><\/strong><\/p>\n<p>Nosotros creemos que la Iglesia de CRISTO es el eterno y universal Cuerpo de JESUS CRISTO que consiste de todos aquellos quienes han aceptado el trabajo de la expiaci\u00f3n.<\/p>\n<p><!-- EL RAPTO --><\/p>\n<p><strong><span style=\"color: #3366ff;\"><img loading=\"lazy\" class=\"align none size-full wp-image-32\" src=\"http:\/\/arrepienteteypreparaelcamino.org\/wp-content\/uploads\/2014\/11\/favicon.png.jpeg\" alt=\"favicon.png\" width=\"16\" height=\"16\" \/> \u00a0\u00a0\u00a0\u00a0\u00a0EL RAPTO<\/span><\/strong><\/p>\n<p>Nosotros creemos que el Rapto es el inminente premilenial retorno de JESUS CRISTO para su santa iglesia cuando la muerte en CRISTO levante cuerpos glorificados. Aquellos que viven en santidad ser\u00e1n transformado en cuerpos glorificados sin probar la muerte y ser\u00e1n levantados en el aire con el SE\u00d1OR JESUS.<\/p>\n<p><!-- BAUTISMO POR AGUA --><\/p>\n<p><strong><span style=\"color: #3366ff;\"><img loading=\"lazy\" class=\"align none size-full wp-image-32\" src=\"http:\/\/arrepienteteypreparaelcamino.org\/wp-content\/uploads\/2014\/11\/favicon.png.jpeg\" alt=\"favicon.png\" width=\"16\" height=\"16\" \/> \u00a0\u00a0\u00a0\u00a0\u00a0BAUTISMO POR AGUA<\/span><\/strong><\/p>\n<p>Nosotros creemos en la ordenanza del bautismo por agua por inmersi\u00f3n en obediencia a la PALABRA DE DIOS. Y todo aquel que ha aceptado a JESUS CRISTO como su SALVADOR personal deben ser bautizado en agua como una p\u00fablica confesi\u00f3n de su f\u00e9 en CRISTO.<\/p>\n<p><!-- ARREPENTIMIENTO &#038; SANTIDAD--><\/p>\n<p><strong><span style=\"color: #3366ff;\"><img loading=\"lazy\" class=\"align none size-full wp-image-32\" src=\"http:\/\/arrepienteteypreparaelcamino.org\/wp-content\/uploads\/2014\/11\/favicon.png.jpeg\" alt=\"favicon.png\" width=\"16\" height=\"16\" \/> \u00a0\u00a0\u00a0\u00a0\u00a0ARREPENTIMIENTO &amp; SANTIDAD<\/span><\/strong><\/p>\n<p>Nosotros creemos que el \u00fanico medio de ser limpiado del pecado es atrav\u00e9s del verdadero arrepentimiento en la preciosa SANGRE DE JESUS CRISTO y el poder santificador del ESPIRITU SANTO quien permite que el Cristiano viva en santidad.<\/p>\n<p><!-- LA CENA DEL SE\u00d1OR --><\/p>\n<p><strong><span style=\"color: #3366ff;\"><img loading=\"lazy\" class=\"align none size-full wp-image-32\" src=\"http:\/\/arrepienteteypreparaelcamino.org\/wp-content\/uploads\/2014\/11\/favicon.png.jpeg\" alt=\"favicon.png\" width=\"16\" height=\"16\" \/> \u00a0\u00a0\u00a0\u00a0\u00a0LA CENA DEL SE\u00d1OR<\/span><\/strong><\/p>\n<p>Nostros creemos en la observancia de la Cena del SE\u00d1OR como una proclamaci\u00f3n de la muerte de JESUS CRISTO hasta que EL regrese.<\/p>\n<p><!-- PREPARANDO EL CAMINO --><\/p>\n<p><strong><span style=\"color: #3366ff;\"><img loading=\"lazy\" class=\"align none size-full wp-image-32\" src=\"http:\/\/arrepienteteypreparaelcamino.org\/wp-content\/uploads\/2014\/11\/favicon.png.jpeg\" alt=\"favicon.png\" width=\"16\" height=\"16\" \/> \u00a0\u00a0\u00a0\u00a0\u00a0PREPARANDO EL CAMINO<\/span><\/strong><\/p>\n<p>Nosotros creemos que la iglesia ha entrado en una dispensaci\u00f3n cr\u00edtica para preparar El Camino del SE\u00d1OR JESUS en observancia de la absoluta Rectitud y Santidad.<\/p>\n","protected":false},"excerpt":{"rendered":"<p>Declaraci\u00f3n de F\u00e9 \u00a0\u00a0\u00a0\u00a0 \u00a0LA SAGRADA BIBLIA Nosotros creemos que la Biblia es el principal fundamento y la infalible, no cambiante y autorizada PALABRA DE DIOS, completamente inspirada por el SAGRADO ESPIRITU SANTO. La&#46;&#46;&#46;<\/p>\n","protected":false},"author":1,"featured_media":0,"parent":0,"menu_order":1,"comment_status":"open","ping_status":"open","template":"page-templates\/child-menu.php","meta":[],"folder":[],"_links":{"self":[{"href":"https:\/\/arrepienteteypreparaelcamino.org\/index.php?rest_route=\/wp\/v2\/pages\/12"}],"collection":[{"href":"https:\/\/arrepienteteypreparaelcamino.org\/index.php?rest_route=\/wp\/v2\/pages"}],"about":[{"href":"https:\/\/arrepienteteypreparaelcamino.org\/index.php?rest_route=\/wp\/v2\/types\/page"}],"author":[{"embeddable":true,"href":"https:\/\/arrepienteteypreparaelcamino.org\/index.php?rest_route=\/wp\/v2\/users\/1"}],"replies":[{"embeddable":true,"href":"https:\/\/arrepienteteypreparaelcamino.org\/index.php?rest_route=%2Fwp%2Fv2%2Fcomments&post=12"}],"version-history":[{"count":1,"href":"https:\/\/arrepienteteypreparaelcamino.org\/index.php?rest_route=\/wp\/v2\/pages\/12\/revisions"}],"predecessor-version":[{"id":470,"href":"https:\/\/arrepienteteypreparaelcamino.org\/index.php?rest_route=\/wp\/v2\/pages\/12\/revisions\/470"}],"wp:attachment":[{"href":"https:\/\/arrepienteteypreparaelcamino.org\/index.php?rest_route=%2Fwp%2Fv2%2Fmedia&parent=12"}],"wp:term":[{"taxonomy":"folder","embeddable":true,"href":"https:\/\/arrepienteteypreparaelcamino.org\/index.php?rest_route=%2Fwp%2Fv2%2Ffolder&post=12"}],"curies":[{"name":"wp","href":"https:\/\/api.w.org\/{rel}","templated":true}]}}